{"id":236,"date":"2025-03-02T03:22:21","date_gmt":"2025-03-02T03:22:21","guid":{"rendered":"https:\/\/ap0.qsandbox.cloud\/site\/suffice-free\/?page_id=7"},"modified":"2026-03-24T23:27:25","modified_gmt":"2026-03-25T02:27:25","slug":"about","status":"publish","type":"page","link":"https:\/\/orvilecarneiro.com.br\/index.php\/about\/","title":{"rendered":"Sobre"},"content":{"rendered":"\n<div class=\"alignwide blockart-section blockart-section-34b902f0 alignwide\"><div class=\"blockart-container\"><div class=\"blockart-section-inner\">\n<div class=\"blockart-column blockart-column-b0660666\"><div class=\"blockart-column-inner\">\n<figure class=\"blockart-image blockart-image-338cbce3\"><img loading=\"lazy\" decoding=\"async\" class=\"wp-image-374 hover-effect-static filter-none mask mask-none\" src=\"https:\/\/orvilecarneiro.com.br\/wp-content\/uploads\/2025\/03\/Team-Member-6.jpg\" alt=\"\" height=\"1979\" width=\"1318\" srcset=\"https:\/\/orvilecarneiro.com.br\/wp-content\/uploads\/2025\/03\/Team-Member-6.jpg 1318w, https:\/\/orvilecarneiro.com.br\/wp-content\/uploads\/2025\/03\/Team-Member-6-200x300.jpg 200w, https:\/\/orvilecarneiro.com.br\/wp-content\/uploads\/2025\/03\/Team-Member-6-682x1024.jpg 682w, https:\/\/orvilecarneiro.com.br\/wp-content\/uploads\/2025\/03\/Team-Member-6-768x1153.jpg 768w, https:\/\/orvilecarneiro.com.br\/wp-content\/uploads\/2025\/03\/Team-Member-6-1023x1536.jpg 1023w\" sizes=\"auto, (max-width: 1318px) 100vw, 1318px\" \/><\/figure>\n<\/div><\/div>\n\n\n\n<div class=\"blockart-column blockart-column-b49f7ea8\"><div class=\"blockart-column-inner\">\n<h2 class=\"blockart-heading blockart-heading-9404dff7\"><strong>Trajet\u00f3ria Forjada na Pr\u00e1tica Jur\u00eddica e na Sala de Aula<\/strong><\/h2>\n\n\n\n<p class=\"blockart-paragraph blockart-paragraph-fc301bf1\">O Dr. Orvile Carneiro n\u00e3o apenas entende a lei; ele a aplica diariamente. Com 28 anos de s\u00f3lida atua\u00e7\u00e3o na advocacia, construiu uma carreira baseada na \u00e9tica, na transpar\u00eancia e em resultados reais para seus clientes.<br>Al\u00e9m da viv\u00eancia nos tribunais, o Dr. Orvile dedicou os \u00faltimos anos a decifrar as bancas examinadoras mais complexas do pa\u00eds (como FGV, Cebraspe e FCC). Como mentor de concursos, ele une a precis\u00e3o t\u00e9cnica do advogado \u00e0 did\u00e1tica de quem j\u00e1 guiou dezenas de alunos rumo \u00e0 aprova\u00e7\u00e3o e \u00e0 posse no servi\u00e7o p\u00fablico. Aqui, a teoria jur\u00eddica se transforma em estrat\u00e9gia pr\u00e1tica<\/p>\n\n\n\n<div class=\"blockart-section blockart-section-a737ae4c\"><div class=\"blockart-container\"><div class=\"blockart-section-inner\">\n<div class=\"blockart-column blockart-column-413293a1\"><div class=\"blockart-column-inner\">\n<div class=\"blockart-section blockart-section-c7f2900e\"><div class=\"blockart-container\"><div class=\"blockart-section-inner\">\n<div class=\"blockart-column blockart-column-46edf36d\"><div class=\"blockart-column-inner\">\n<div class=\"blockart-icon-block blockart-icon-041cd53d\"><a class=\"blockart-outside-icon blockart-icon-link\"><span class=\"blockart-icon-wrapper\"><svg width=\"24\" height=\"24\" xmlns=\"http:\/\/www.w3.org\/2000\/svg\" viewBox=\"0 0 512 512\" class=\"blockart-icon\" aria-hidden=\"true\"><path d=\"M256 48a208 208 0 1 1 0 416 208 208 0 1 1 0-416zm0 464A256 256 0 1 0 256 0a256 256 0 1 0 0 512zM369 209c9.4-9.4 9.4-24.6 0-33.9s-24.6-9.4-33.9 0l-111 111-47-47c-9.4-9.4-24.6-9.4-33.9 0s-9.4 24.6 0 33.9l64 64c9.4 9.4 24.6 9.4 33.9 0L369 209z\"><\/path><\/svg><\/span><\/a><\/div>\n<\/div><\/div>\n\n\n\n<div class=\"blockart-column blockart-column-e50fc418\"><div class=\"blockart-column-inner\">\n<p class=\"blockart-paragraph blockart-paragraph-a7b8dd8f\">Confiavel<\/p>\n<\/div><\/div>\n<\/div><\/div><\/div>\n<\/div><\/div>\n<\/div><\/div><\/div>\n\n\n\n<div class=\"blockart-section blockart-section-8e4a4e39\"><div class=\"blockart-container\"><div class=\"blockart-section-inner\">\n<div class=\"blockart-column blockart-column-b8e0f75b\"><div class=\"blockart-column-inner\">\n<div class=\"blockart-section blockart-section-36f12a35\"><div class=\"blockart-container\"><div class=\"blockart-section-inner\">\n<div class=\"blockart-column blockart-column-71786e99\"><div class=\"blockart-column-inner\">\n<div class=\"blockart-icon-block blockart-icon-c8190c65\"><a class=\"blockart-outside-icon blockart-icon-link\"><span class=\"blockart-icon-wrapper\"><svg width=\"24\" height=\"24\" xmlns=\"http:\/\/www.w3.org\/2000\/svg\" viewBox=\"0 0 512 512\" class=\"blockart-icon\" aria-hidden=\"true\"><path d=\"M256 48a208 208 0 1 1 0 416 208 208 0 1 1 0-416zm0 464A256 256 0 1 0 256 0a256 256 0 1 0 0 512zM369 209c9.4-9.4 9.4-24.6 0-33.9s-24.6-9.4-33.9 0l-111 111-47-47c-9.4-9.4-24.6-9.4-33.9 0s-9.4 24.6 0 33.9l64 64c9.4 9.4 24.6 9.4 33.9 0L369 209z\"><\/path><\/svg><\/span><\/a><\/div>\n<\/div><\/div>\n\n\n\n<div class=\"blockart-column blockart-column-6c4d17c0\"><div class=\"blockart-column-inner\">\n<p class=\"blockart-paragraph blockart-paragraph-b53aa960\">Expertise<\/p>\n<\/div><\/div>\n<\/div><\/div><\/div>\n<\/div><\/div>\n<\/div><\/div><\/div>\n\n\n\n<div class=\"blockart-section blockart-section-be24673f\"><div class=\"blockart-container\"><div class=\"blockart-section-inner\">\n<div class=\"blockart-column blockart-column-57728922\"><div class=\"blockart-column-inner\">\n<div class=\"blockart-section blockart-section-f8fa4d88\"><div class=\"blockart-container\"><div class=\"blockart-section-inner\">\n<div class=\"blockart-column blockart-column-2a994c67\"><div class=\"blockart-column-inner\">\n<div class=\"blockart-icon-block blockart-icon-6ee6d73c\"><a class=\"blockart-outside-icon blockart-icon-link\"><span class=\"blockart-icon-wrapper\"><svg width=\"24\" height=\"24\" xmlns=\"http:\/\/www.w3.org\/2000\/svg\" viewBox=\"0 0 512 512\" class=\"blockart-icon\" aria-hidden=\"true\"><path d=\"M256 48a208 208 0 1 1 0 416 208 208 0 1 1 0-416zm0 464A256 256 0 1 0 256 0a256 256 0 1 0 0 512zM369 209c9.4-9.4 9.4-24.6 0-33.9s-24.6-9.4-33.9 0l-111 111-47-47c-9.4-9.4-24.6-9.4-33.9 0s-9.4 24.6 0 33.9l64 64c9.4 9.4 24.6 9.4 33.9 0L369 209z\"><\/path><\/svg><\/span><\/a><\/div>\n<\/div><\/div>\n\n\n\n<div class=\"blockart-column blockart-column-8a2cceed\"><div class=\"blockart-column-inner\">\n<p class=\"blockart-paragraph blockart-paragraph-13bc0cfb\">Doutor<\/p>\n<\/div><\/div>\n<\/div><\/div><\/div>\n<\/div><\/div>\n<\/div><\/div><\/div>\n\n\n\n<p class=\"blockart-paragraph blockart-paragraph-a104d149\">Cada processo carrega a hist\u00f3ria, o patrim\u00f4nio ou a liberdade de um cliente.<\/p>\n<\/div><\/div>\n<\/div><\/div><\/div>\n\n\n\n<div class=\"alignwide blockart-section blockart-section-2365c120 alignwide\"><div class=\"blockart-container\"><div class=\"blockart-section-inner\">\n<div class=\"blockart-column blockart-column-15ba882e\"><div class=\"blockart-column-inner\">\n<h2 class=\"blockart-heading blockart-heading-47a5f589\">Advocacia Estrat\u00e9gica, \u00c9tica e Transparente<\/h2>\n\n\n\n\n\n<p>Cada processo carrega a hist\u00f3ria, o patrim\u00f4nio ou a liberdade de um cliente. Por isso, a atua\u00e7\u00e3o do escrit\u00f3rio Orvile Carneiro \u00e9 pautada pelo rigor t\u00e9cnico e pela comunica\u00e7\u00e3o clara.<\/p>\n\n\n\n<p>Do Direito Civil ao Direito P\u00fablico, n\u00e3o vendemos ilus\u00f5es judiciais. Entregamos an\u00e1lises de risco precisas, estrat\u00e9gias processuais contundentes e um acompanhamento lado a lado, para que voc\u00ea tenha total seguran\u00e7a e previsibilidade sobre os pr\u00f3ximos passos da sua causa.<\/p>\n\n\n\n\n\n<div class=\"blockart-buttons blockart-buttons-ccf6b52a-c24d-4002-9df9-52ccb704a378 is-wrap is-horizontal justify-left\">\n<div class=\"blockart-button blockart-button-2aa507cd \"><a class=\"blockart-button-link is-large is-style-filled\">CONTATO<\/a><\/div>\n<\/div>\n<\/div><\/div>\n\n\n\n<div class=\"blockart-column blockart-column-b8450af5\"><div class=\"blockart-column-inner\">\n<figure class=\"blockart-image blockart-image-56dc4576\"><img loading=\"lazy\" decoding=\"async\" class=\"wp-image-175 hover-effect-static filter-none mask mask-none\" src=\"https:\/\/zakrademos.com\/suffice\/wp-content\/uploads\/sites\/189\/2025\/03\/Accordian-Image-.jpg\" alt=\"\" height=\"1072\" width=\"1611\" srcset=\"https:\/\/orvilecarneiro.com.br\/wp-content\/uploads\/2025\/03\/Accordian-Image-.jpg 1611w, https:\/\/orvilecarneiro.com.br\/wp-content\/uploads\/2025\/03\/Accordian-Image--300x200.jpg 300w, https:\/\/orvilecarneiro.com.br\/wp-content\/uploads\/2025\/03\/Accordian-Image--1024x681.jpg 1024w, https:\/\/orvilecarneiro.com.br\/wp-content\/uploads\/2025\/03\/Accordian-Image--768x511.jpg 768w, https:\/\/orvilecarneiro.com.br\/wp-content\/uploads\/2025\/03\/Accordian-Image--1536x1022.jpg 1536w\" sizes=\"auto, (max-width: 1611px) 100vw, 1611px\" \/><\/figure>\n<\/div><\/div>\n<\/div><\/div><\/div>\n\n\n\n<div class=\"alignwide blockart-section blockart-section-fb8109bd alignwide\"><div class=\"blockart-container\"><div class=\"blockart-section-inner\">\n<div class=\"blockart-column blockart-column-9fee75b2\"><div class=\"blockart-column-inner\">\n<figure class=\"blockart-image blockart-image-04a7e6eb\"><img loading=\"lazy\" decoding=\"async\" width=\"99\" height=\"27\" class=\"wp-image-255 hover-effect-static filter-none mask mask-none\" src=\"https:\/\/zakrademos.com\/suffice\/wp-content\/uploads\/sites\/189\/2025\/03\/Upwork.png\" alt=\"\"\/><\/figure>\n<\/div><\/div>\n\n\n\n<div class=\"blockart-column blockart-column-d71aeb83\"><div class=\"blockart-column-inner\">\n<figure class=\"blockart-image blockart-image-193701c5\"><img decoding=\"async\" class=\"wp-image-256 hover-effect-static filter-none mask mask-none\" src=\"https:\/\/zakrademos.com\/suffice\/wp-content\/uploads\/sites\/189\/2025\/03\/Unsplash-1.png\" alt=\"\"\/><\/figure>\n<\/div><\/div>\n\n\n\n<div class=\"blockart-column blockart-column-04faef7b\"><div class=\"blockart-column-inner\">\n<figure class=\"blockart-image blockart-image-0ba8fd2e\"><img decoding=\"async\" class=\"wp-image-258 hover-effect-static filter-none mask mask-none\" src=\"https:\/\/zakrademos.com\/suffice\/wp-content\/uploads\/sites\/189\/2025\/03\/Loom-1.png\" alt=\"\"\/><\/figure>\n<\/div><\/div>\n\n\n\n<div class=\"blockart-column blockart-column-681c6c3d\"><div class=\"blockart-column-inner\">\n<figure class=\"blockart-image blockart-image-379642b6\"><img decoding=\"async\" class=\"wp-image-257 hover-effect-static filter-none mask mask-none\" src=\"https:\/\/zakrademos.com\/suffice\/wp-content\/uploads\/sites\/189\/2025\/03\/Zapier-1.png\" alt=\"\"\/><\/figure>\n<\/div><\/div>\n\n\n\n<div class=\"blockart-column blockart-column-5fe7dc8c\"><div class=\"blockart-column-inner\">\n<figure class=\"blockart-image blockart-image-f400da03\"><img loading=\"lazy\" decoding=\"async\" class=\"wp-image-261 hover-effect-static filter-none mask mask-none\" src=\"https:\/\/zakrademos.com\/suffice\/wp-content\/uploads\/sites\/189\/2025\/03\/Group-1.png\" alt=\"\" height=\"31\" width=\"84\"\/><\/figure>\n<\/div><\/div>\n\n\n\n<div class=\"blockart-column blockart-column-24fbb07d\"><div class=\"blockart-column-inner\">\n<figure class=\"blockart-image blockart-image-caef85be\"><img decoding=\"async\" class=\"wp-image-259 hover-effect-static filter-none mask mask-none\" src=\"https:\/\/zakrademos.com\/suffice\/wp-content\/uploads\/sites\/189\/2025\/03\/Shopify-1.png\" alt=\"\"\/><\/figure>\n<\/div><\/div>\n<\/div><\/div><\/div>\n\n\n\n<div class=\"blockart-section blockart-section-2e934fa9\"><div class=\"blockart-container\"><div class=\"blockart-section-inner\">\n<div class=\"blockart-column blockart-column-67ea51cd\"><div class=\"blockart-column-inner\">\n<div class=\"blockart-section blockart-section-40e31bbd\"><div class=\"blockart-container\"><div class=\"blockart-section-inner\">\n<div class=\"blockart-column blockart-column-07fa7d9c\"><div class=\"blockart-column-inner\">\n<p class=\"blockart-paragraph blockart-paragraph-28df3231\">Nosso time<\/p>\n\n\n\n<h2 class=\"blockart-heading blockart-heading-194eaa26\">Conhe\u00e7a a equipe<\/h2>\n<\/div><\/div>\n\n\n\n<div class=\"blockart-column blockart-column-95f12c3a\"><div class=\"blockart-column-inner justify-right\">\n<div class=\"blockart-buttons blockart-buttons-71d401e5-0191-485f-8849-8c1981f008c8 is-wrap is-horizontal justify-right justify-left-md\">\n<div class=\"blockart-button blockart-button-6d725973-f184-43a0-8d00-9b37c4f8fa8e \"><a class=\"blockart-button-link is-large is-style-filled\" href=\"https:\/\/zakrademos.com\/suffice\/team\/\">ViEW ALL<\/a><\/div>\n<\/div>\n<\/div><\/div>\n<\/div><\/div><\/div>\n<\/div><\/div>\n\n\n\n<div class=\"blockart-column blockart-column-59521f88\"><div class=\"blockart-column-inner\">\n<div class=\"blockart-section blockart-section-5a844610\"><div class=\"blockart-container\"><div class=\"blockart-section-inner\">\n<div class=\"blockart-column blockart-column-30965b7d\"><div class=\"blockart-column-inner\">\n<figure class=\"blockart-image blockart-image-af874e28\"><img loading=\"lazy\" decoding=\"async\" class=\"wp-image-118 hover-effect-static filter-none mask mask-none\" src=\"https:\/\/zakrademos.com\/suffice\/wp-content\/uploads\/sites\/189\/2025\/03\/James-Carter.jpg\" alt=\"\" height=\"2194\" width=\"1462\" srcset=\"https:\/\/orvilecarneiro.com.br\/wp-content\/uploads\/2025\/03\/James-Carter.jpg 1462w, https:\/\/orvilecarneiro.com.br\/wp-content\/uploads\/2025\/03\/James-Carter-200x300.jpg 200w, https:\/\/orvilecarneiro.com.br\/wp-content\/uploads\/2025\/03\/James-Carter-682x1024.jpg 682w, https:\/\/orvilecarneiro.com.br\/wp-content\/uploads\/2025\/03\/James-Carter-768x1153.jpg 768w, https:\/\/orvilecarneiro.com.br\/wp-content\/uploads\/2025\/03\/James-Carter-1024x1536.jpg 1024w, https:\/\/orvilecarneiro.com.br\/wp-content\/uploads\/2025\/03\/James-Carter-1365x2048.jpg 1365w\" sizes=\"auto, (max-width: 1462px) 100vw, 1462px\" \/><\/figure>\n\n\n\n<h2 class=\"blockart-heading blockart-heading-e9416ebe\">James Carter<\/h2>\n\n\n\n<p class=\"blockart-paragraph blockart-paragraph-bdd4fa9b\">Account Manager<\/p>\n<\/div><\/div>\n\n\n\n<div class=\"blockart-column blockart-column-53ca5ef4\"><div class=\"blockart-column-inner\">\n<figure class=\"blockart-image blockart-image-a3139574\"><img loading=\"lazy\" decoding=\"async\" class=\"wp-image-127 hover-effect-static filter-none mask mask-none\" src=\"https:\/\/zakrademos.com\/suffice\/wp-content\/uploads\/sites\/189\/2025\/03\/Chloe-Anderson-e1741087095233.jpg\" alt=\"\" height=\"1636\" width=\"1318\" srcset=\"https:\/\/orvilecarneiro.com.br\/wp-content\/uploads\/2025\/03\/Chloe-Anderson-e1741087095233.jpg 1318w, https:\/\/orvilecarneiro.com.br\/wp-content\/uploads\/2025\/03\/Chloe-Anderson-e1741087095233-242x300.jpg 242w, https:\/\/orvilecarneiro.com.br\/wp-content\/uploads\/2025\/03\/Chloe-Anderson-e1741087095233-825x1024.jpg 825w, https:\/\/orvilecarneiro.com.br\/wp-content\/uploads\/2025\/03\/Chloe-Anderson-e1741087095233-768x953.jpg 768w, https:\/\/orvilecarneiro.com.br\/wp-content\/uploads\/2025\/03\/Chloe-Anderson-e1741087095233-1237x1536.jpg 1237w\" sizes=\"auto, (max-width: 1318px) 100vw, 1318px\" \/><\/figure>\n\n\n\n<h2 class=\"blockart-heading blockart-heading-3b88a450\">Chloe Anderson<\/h2>\n\n\n\n<p class=\"blockart-paragraph blockart-paragraph-b0c49962\">Creative Director<\/p>\n<\/div><\/div>\n\n\n\n<div class=\"blockart-column blockart-column-58f0dd15\"><div class=\"blockart-column-inner\">\n<figure class=\"blockart-image blockart-image-abfc6142\"><img loading=\"lazy\" decoding=\"async\" class=\"wp-image-128 hover-effect-static filter-none mask mask-none\" src=\"https:\/\/zakrademos.com\/suffice\/wp-content\/uploads\/sites\/189\/2025\/03\/Olivia-Taylor-e1741087112333.jpg\" alt=\"\" height=\"1070\" width=\"1164\" srcset=\"https:\/\/orvilecarneiro.com.br\/wp-content\/uploads\/2025\/03\/Olivia-Taylor-e1741087112333.jpg 1164w, https:\/\/orvilecarneiro.com.br\/wp-content\/uploads\/2025\/03\/Olivia-Taylor-e1741087112333-300x276.jpg 300w, https:\/\/orvilecarneiro.com.br\/wp-content\/uploads\/2025\/03\/Olivia-Taylor-e1741087112333-1024x941.jpg 1024w, https:\/\/orvilecarneiro.com.br\/wp-content\/uploads\/2025\/03\/Olivia-Taylor-e1741087112333-768x706.jpg 768w\" sizes=\"auto, (max-width: 1164px) 100vw, 1164px\" \/><\/figure>\n\n\n\n<h2 class=\"blockart-heading blockart-heading-847433dc\">Olivia Taylor<\/h2>\n\n\n\n<p class=\"blockart-paragraph blockart-paragraph-3f47ae3d\">Project Manager<\/p>\n<\/div><\/div>\n\n\n\n<div class=\"blockart-column blockart-column-68b4bd79\"><div class=\"blockart-column-inner\">\n<figure class=\"blockart-image blockart-image-f5151f66\"><img loading=\"lazy\" decoding=\"async\" class=\"wp-image-129 hover-effect-static filter-none mask mask-none\" src=\"https:\/\/zakrademos.com\/suffice\/wp-content\/uploads\/sites\/189\/2025\/03\/Sarah-Mitchell.jpg\" alt=\"\" height=\"2084\" width=\"1388\" srcset=\"https:\/\/orvilecarneiro.com.br\/wp-content\/uploads\/2025\/03\/Sarah-Mitchell.jpg 1388w, https:\/\/orvilecarneiro.com.br\/wp-content\/uploads\/2025\/03\/Sarah-Mitchell-200x300.jpg 200w, https:\/\/orvilecarneiro.com.br\/wp-content\/uploads\/2025\/03\/Sarah-Mitchell-682x1024.jpg 682w, https:\/\/orvilecarneiro.com.br\/wp-content\/uploads\/2025\/03\/Sarah-Mitchell-768x1153.jpg 768w, https:\/\/orvilecarneiro.com.br\/wp-content\/uploads\/2025\/03\/Sarah-Mitchell-1023x1536.jpg 1023w, https:\/\/orvilecarneiro.com.br\/wp-content\/uploads\/2025\/03\/Sarah-Mitchell-1364x2048.jpg 1364w\" sizes=\"auto, (max-width: 1388px) 100vw, 1388px\" \/><\/figure>\n\n\n\n<h2 class=\"blockart-heading blockart-heading-a9acb1e9\">James Carter<\/h2>\n\n\n\n<p class=\"blockart-paragraph blockart-paragraph-cd57ddd0\">Client Success Manager<\/p>\n<\/div><\/div>\n<\/div><\/div><\/div>\n<\/div><\/div>\n<\/div><\/div><\/div>\n","protected":false},"excerpt":{"rendered":"","protected":false},"author":1,"featured_media":0,"parent":0,"menu_order":0,"comment_status":"closed","ping_status":"closed","template":"","meta":{"zakra_page_container_layout":"stretched","zakra_page_sidebar_layout":"no_sidebar","zakra_remove_content_margin":false,"zakra_sidebar":"customizer","zakra_transparent_header":"customizer","zakra_logo":0,"zakra_main_header_style":"default","zakra_menu_item_color":"","zakra_menu_item_hover_color":"","zakra_menu_item_active_color":"","zakra_menu_active_style":"","zakra_page_header":true,"footnotes":""},"class_list":["post-236","page","type-page","status-publish","hentry"],"_links":{"self":[{"href":"https:\/\/orvilecarneiro.com.br\/index.php\/wp-json\/wp\/v2\/pages\/236","targetHints":{"allow":["GET"]}}],"collection":[{"href":"https:\/\/orvilecarneiro.com.br\/index.php\/wp-json\/wp\/v2\/pages"}],"about":[{"href":"https:\/\/orvilecarneiro.com.br\/index.php\/wp-json\/wp\/v2\/types\/page"}],"author":[{"embeddable":true,"href":"https:\/\/orvilecarneiro.com.br\/index.php\/wp-json\/wp\/v2\/users\/1"}],"replies":[{"embeddable":true,"href":"https:\/\/orvilecarneiro.com.br\/index.php\/wp-json\/wp\/v2\/comments?post=236"}],"version-history":[{"count":2,"href":"https:\/\/orvilecarneiro.com.br\/index.php\/wp-json\/wp\/v2\/pages\/236\/revisions"}],"predecessor-version":[{"id":445,"href":"https:\/\/orvilecarneiro.com.br\/index.php\/wp-json\/wp\/v2\/pages\/236\/revisions\/445"}],"wp:attachment":[{"href":"https:\/\/orvilecarneiro.com.br\/index.php\/wp-json\/wp\/v2\/media?parent=236"}],"curies":[{"name":"wp","href":"https:\/\/api.w.org\/{rel}","templated":true}]}}